{"id":416,"date":"2023-05-03T15:58:31","date_gmt":"2023-05-03T15:58:31","guid":{"rendered":"https:\/\/mnkuljetus.fi\/?page_id=416"},"modified":"2025-03-15T02:48:39","modified_gmt":"2025-03-15T02:48:39","slug":"koulutus-ja-kokoustiloja-vuokrattavana","status":"publish","type":"page","link":"https:\/\/mnkuljetus.fi\/?page_id=416","title":{"rendered":"Koulutus- ja kokoustiloja vuokrattavana"},"content":{"rendered":"\n<div style=\"height:100px\" aria-hidden=\"true\" class=\"wp-block-spacer\"><\/div>\n\n\n\n<h1 class=\"wp-block-heading has-text-align-center\"><strong>Koulutus- ja kokoustiloja vuokrattavana<\/strong><\/h1>\n\n\n\n<div style=\"height:100px\" aria-hidden=\"true\" class=\"wp-block-spacer\"><\/div>\n\n\n\n<p class=\"has-text-align-center\"><strong>Tarvitsetko toimivan ja viihtyis\u00e4n tilan koulutuksiin, kokouksiin tai muihin tapahtumiin? Tarjoamme vuokrattavaksi 90 m\u00b2 koulutus- ja kokoustilan, joka sis\u00e4lt\u00e4\u00e4 avaran aulan sek\u00e4 pienen keitti\u00f6n. Tila on varustettu nykyaikaisilla kokousv\u00e4lineill\u00e4, kuten valkokankaalla ja videotykill\u00e4, jotta esitykset ja koulutukset sujuvat vaivattomasti.<\/strong><\/p>\n\n\n\n<p class=\"has-text-align-center\"><strong>Kokouksen tai koulutuksen yhteydess\u00e4 on mahdollisuus ruokailla alakerran lounasravintolassa tai tilata kokoustarjoilut suoraan paikalle, mik\u00e4 tekee tilaisuuden j\u00e4rjest\u00e4misest\u00e4 entist\u00e4 helpompaa.<\/strong><\/p>\n\n\n\n<p class=\"has-text-align-center\"><strong>Tilamme tarjoavat rauhallisen ymp\u00e4rist\u00f6n tehokkaaseen ty\u00f6skentelyyn ja yhteisty\u00f6h\u00f6n. Ota yhteytt\u00e4 ja varaa tila tarpeidesi mukaan!<\/strong><\/p>\n\n\n\n<p class=\"has-text-align-center\"><\/p>\n\n\n\n<figure class=\"wp-block-image size-large\"><img loading=\"lazy\" decoding=\"async\" width=\"1024\" height=\"875\" src=\"https:\/\/mnkuljetus.fi\/wp-content\/uploads\/2023\/05\/Kokoustila-1-1024x875.jpg\" alt=\"\" class=\"wp-image-417\" srcset=\"https:\/\/mnkuljetus.fi\/wp-content\/uploads\/2023\/05\/Kokoustila-1-1024x875.jpg 1024w, https:\/\/mnkuljetus.fi\/wp-content\/uploads\/2023\/05\/Kokoustila-1-300x256.jpg 300w, https:\/\/mnkuljetus.fi\/wp-content\/uploads\/2023\/05\/Kokoustila-1-768x657.jpg 768w, https:\/\/mnkuljetus.fi\/wp-content\/uploads\/2023\/05\/Kokoustila-1.jpg 1316w\" sizes=\"auto, (max-width: 1024px) 100vw, 1024px\" \/><\/figure>\n\n\n\n<div style=\"height:61px\" aria-hidden=\"true\" class=\"wp-block-spacer\"><\/div>\n\n\n\n<figure class=\"wp-block-image size-large\"><img loading=\"lazy\" decoding=\"async\" width=\"1024\" height=\"861\" src=\"https:\/\/mnkuljetus.fi\/wp-content\/uploads\/2023\/05\/Kokoustila-2-1024x861.jpg\" alt=\"\" class=\"wp-image-418\" srcset=\"https:\/\/mnkuljetus.fi\/wp-content\/uploads\/2023\/05\/Kokoustila-2-1024x861.jpg 1024w, https:\/\/mnkuljetus.fi\/wp-content\/uploads\/2023\/05\/Kokoustila-2-300x252.jpg 300w, https:\/\/mnkuljetus.fi\/wp-content\/uploads\/2023\/05\/Kokoustila-2-768x646.jpg 768w, https:\/\/mnkuljetus.fi\/wp-content\/uploads\/2023\/05\/Kokoustila-2.jpg 1512w\" sizes=\"auto, (max-width: 1024px) 100vw, 1024px\" \/><\/figure>\n","protected":false},"excerpt":{"rendered":"<p>Koulutus- ja kokoustiloja vuokrattavana Tarvitsetko toimivan ja viihtyis\u00e4n tilan koulutuksiin, kokouksiin tai muihin tapahtumiin? Tarjoamme [&hellip;]<\/p>\n","protected":false},"author":1,"featured_media":0,"parent":146,"menu_order":0,"comment_status":"closed","ping_status":"closed","template":"","meta":{"footnotes":""},"class_list":["post-416","page","type-page","status-publish","hentry"],"yoast_head":"<!-- This site is optimized with the Yoast SEO plugin v27.4 - https:\/\/yoast.com\/product\/yoast-seo-wordpress\/ -->\n<title>Koulutus- ja kokoustiloja vuokrattavana - MN Kuljetus OY<\/title>\n<meta name=\"robots\" content=\"index, follow, max-snippet:-1, max-image-preview:large, max-video-preview:-1\" \/>\n<link rel=\"canonical\" href=\"https:\/\/mnkuljetus.fi\/?page_id=416\" \/>\n<meta property=\"og:locale\" content=\"fi_FI\" \/>\n<meta property=\"og:type\" content=\"article\" \/>\n<meta property=\"og:title\" content=\"Koulutus- ja kokoustiloja vuokrattavana - MN Kuljetus OY\" \/>\n<meta property=\"og:description\" content=\"Koulutus- ja kokoustiloja vuokrattavana Tarvitsetko toimivan ja viihtyis\u00e4n tilan koulutuksiin, kokouksiin tai muihin tapahtumiin? Tarjoamme [&hellip;]\" \/>\n<meta property=\"og:url\" content=\"https:\/\/mnkuljetus.fi\/?page_id=416\" \/>\n<meta property=\"og:site_name\" content=\"MN Kuljetus OY\" \/>\n<meta property=\"article:modified_time\" content=\"2025-03-15T02:48:39+00:00\" \/>\n<meta property=\"og:image\" content=\"https:\/\/mnkuljetus.fi\/wp-content\/uploads\/2023\/05\/Kokoustila-1.jpg\" \/>\n\t<meta property=\"og:image:width\" content=\"1316\" \/>\n\t<meta property=\"og:image:height\" content=\"1125\" \/>\n\t<meta property=\"og:image:type\" content=\"image\/jpeg\" \/>\n<meta name=\"twitter:card\" content=\"summary_large_image\" \/>\n<script type=\"application\/ld+json\" class=\"yoast-schema-graph\">{\"@context\":\"https:\\\/\\\/schema.org\",\"@graph\":[{\"@type\":\"WebPage\",\"@id\":\"https:\\\/\\\/mnkuljetus.fi\\\/?page_id=416\",\"url\":\"https:\\\/\\\/mnkuljetus.fi\\\/?page_id=416\",\"name\":\"Koulutus- ja kokoustiloja vuokrattavana - MN Kuljetus OY\",\"isPartOf\":{\"@id\":\"https:\\\/\\\/mnkuljetus.fi\\\/#website\"},\"primaryImageOfPage\":{\"@id\":\"https:\\\/\\\/mnkuljetus.fi\\\/?page_id=416#primaryimage\"},\"image\":{\"@id\":\"https:\\\/\\\/mnkuljetus.fi\\\/?page_id=416#primaryimage\"},\"thumbnailUrl\":\"https:\\\/\\\/mnkuljetus.fi\\\/wp-content\\\/uploads\\\/2023\\\/05\\\/Kokoustila-1-1024x875.jpg\",\"datePublished\":\"2023-05-03T15:58:31+00:00\",\"dateModified\":\"2025-03-15T02:48:39+00:00\",\"breadcrumb\":{\"@id\":\"https:\\\/\\\/mnkuljetus.fi\\\/?page_id=416#breadcrumb\"},\"inLanguage\":\"fi\",\"potentialAction\":[{\"@type\":\"ReadAction\",\"target\":[\"https:\\\/\\\/mnkuljetus.fi\\\/?page_id=416\"]}]},{\"@type\":\"ImageObject\",\"inLanguage\":\"fi\",\"@id\":\"https:\\\/\\\/mnkuljetus.fi\\\/?page_id=416#primaryimage\",\"url\":\"https:\\\/\\\/mnkuljetus.fi\\\/wp-content\\\/uploads\\\/2023\\\/05\\\/Kokoustila-1.jpg\",\"contentUrl\":\"https:\\\/\\\/mnkuljetus.fi\\\/wp-content\\\/uploads\\\/2023\\\/05\\\/Kokoustila-1.jpg\",\"width\":1316,\"height\":1125},{\"@type\":\"BreadcrumbList\",\"@id\":\"https:\\\/\\\/mnkuljetus.fi\\\/?page_id=416#breadcrumb\",\"itemListElement\":[{\"@type\":\"ListItem\",\"position\":1,\"name\":\"Home\",\"item\":\"https:\\\/\\\/mnkuljetus.fi\\\/\"},{\"@type\":\"ListItem\",\"position\":2,\"name\":\"PALVELUT\",\"item\":\"https:\\\/\\\/mnkuljetus.fi\\\/?page_id=146\"},{\"@type\":\"ListItem\",\"position\":3,\"name\":\"Koulutus- ja kokoustiloja vuokrattavana\"}]},{\"@type\":\"WebSite\",\"@id\":\"https:\\\/\\\/mnkuljetus.fi\\\/#website\",\"url\":\"https:\\\/\\\/mnkuljetus.fi\\\/\",\"name\":\"MN Kuljetus OY\",\"description\":\"\",\"publisher\":{\"@id\":\"https:\\\/\\\/mnkuljetus.fi\\\/#organization\"},\"potentialAction\":[{\"@type\":\"SearchAction\",\"target\":{\"@type\":\"EntryPoint\",\"urlTemplate\":\"https:\\\/\\\/mnkuljetus.fi\\\/?s={search_term_string}\"},\"query-input\":{\"@type\":\"PropertyValueSpecification\",\"valueRequired\":true,\"valueName\":\"search_term_string\"}}],\"inLanguage\":\"fi\"},{\"@type\":\"Organization\",\"@id\":\"https:\\\/\\\/mnkuljetus.fi\\\/#organization\",\"name\":\"MN Kuljetus OY\",\"url\":\"https:\\\/\\\/mnkuljetus.fi\\\/\",\"logo\":{\"@type\":\"ImageObject\",\"inLanguage\":\"fi\",\"@id\":\"https:\\\/\\\/mnkuljetus.fi\\\/#\\\/schema\\\/logo\\\/image\\\/\",\"url\":\"https:\\\/\\\/mnkuljetus.fi\\\/wp-content\\\/uploads\\\/2025\\\/03\\\/cropped-mnkuljetus-logo-blue2020-1.png\",\"contentUrl\":\"https:\\\/\\\/mnkuljetus.fi\\\/wp-content\\\/uploads\\\/2025\\\/03\\\/cropped-mnkuljetus-logo-blue2020-1.png\",\"width\":200,\"height\":90,\"caption\":\"MN Kuljetus OY\"},\"image\":{\"@id\":\"https:\\\/\\\/mnkuljetus.fi\\\/#\\\/schema\\\/logo\\\/image\\\/\"}}]}<\/script>\n<!-- \/ Yoast SEO plugin. -->","yoast_head_json":{"title":"Koulutus- ja kokoustiloja vuokrattavana - MN Kuljetus OY","robots":{"index":"index","follow":"follow","max-snippet":"max-snippet:-1","max-image-preview":"max-image-preview:large","max-video-preview":"max-video-preview:-1"},"canonical":"https:\/\/mnkuljetus.fi\/?page_id=416","og_locale":"fi_FI","og_type":"article","og_title":"Koulutus- ja kokoustiloja vuokrattavana - MN Kuljetus OY","og_description":"Koulutus- ja kokoustiloja vuokrattavana Tarvitsetko toimivan ja viihtyis\u00e4n tilan koulutuksiin, kokouksiin tai muihin tapahtumiin? Tarjoamme [&hellip;]","og_url":"https:\/\/mnkuljetus.fi\/?page_id=416","og_site_name":"MN Kuljetus OY","article_modified_time":"2025-03-15T02:48:39+00:00","og_image":[{"width":1316,"height":1125,"url":"https:\/\/mnkuljetus.fi\/wp-content\/uploads\/2023\/05\/Kokoustila-1.jpg","type":"image\/jpeg"}],"twitter_card":"summary_large_image","schema":{"@context":"https:\/\/schema.org","@graph":[{"@type":"WebPage","@id":"https:\/\/mnkuljetus.fi\/?page_id=416","url":"https:\/\/mnkuljetus.fi\/?page_id=416","name":"Koulutus- ja kokoustiloja vuokrattavana - MN Kuljetus OY","isPartOf":{"@id":"https:\/\/mnkuljetus.fi\/#website"},"primaryImageOfPage":{"@id":"https:\/\/mnkuljetus.fi\/?page_id=416#primaryimage"},"image":{"@id":"https:\/\/mnkuljetus.fi\/?page_id=416#primaryimage"},"thumbnailUrl":"https:\/\/mnkuljetus.fi\/wp-content\/uploads\/2023\/05\/Kokoustila-1-1024x875.jpg","datePublished":"2023-05-03T15:58:31+00:00","dateModified":"2025-03-15T02:48:39+00:00","breadcrumb":{"@id":"https:\/\/mnkuljetus.fi\/?page_id=416#breadcrumb"},"inLanguage":"fi","potentialAction":[{"@type":"ReadAction","target":["https:\/\/mnkuljetus.fi\/?page_id=416"]}]},{"@type":"ImageObject","inLanguage":"fi","@id":"https:\/\/mnkuljetus.fi\/?page_id=416#primaryimage","url":"https:\/\/mnkuljetus.fi\/wp-content\/uploads\/2023\/05\/Kokoustila-1.jpg","contentUrl":"https:\/\/mnkuljetus.fi\/wp-content\/uploads\/2023\/05\/Kokoustila-1.jpg","width":1316,"height":1125},{"@type":"BreadcrumbList","@id":"https:\/\/mnkuljetus.fi\/?page_id=416#breadcrumb","itemListElement":[{"@type":"ListItem","position":1,"name":"Home","item":"https:\/\/mnkuljetus.fi\/"},{"@type":"ListItem","position":2,"name":"PALVELUT","item":"https:\/\/mnkuljetus.fi\/?page_id=146"},{"@type":"ListItem","position":3,"name":"Koulutus- ja kokoustiloja vuokrattavana"}]},{"@type":"WebSite","@id":"https:\/\/mnkuljetus.fi\/#website","url":"https:\/\/mnkuljetus.fi\/","name":"MN Kuljetus OY","description":"","publisher":{"@id":"https:\/\/mnkuljetus.fi\/#organization"},"potentialAction":[{"@type":"SearchAction","target":{"@type":"EntryPoint","urlTemplate":"https:\/\/mnkuljetus.fi\/?s={search_term_string}"},"query-input":{"@type":"PropertyValueSpecification","valueRequired":true,"valueName":"search_term_string"}}],"inLanguage":"fi"},{"@type":"Organization","@id":"https:\/\/mnkuljetus.fi\/#organization","name":"MN Kuljetus OY","url":"https:\/\/mnkuljetus.fi\/","logo":{"@type":"ImageObject","inLanguage":"fi","@id":"https:\/\/mnkuljetus.fi\/#\/schema\/logo\/image\/","url":"https:\/\/mnkuljetus.fi\/wp-content\/uploads\/2025\/03\/cropped-mnkuljetus-logo-blue2020-1.png","contentUrl":"https:\/\/mnkuljetus.fi\/wp-content\/uploads\/2025\/03\/cropped-mnkuljetus-logo-blue2020-1.png","width":200,"height":90,"caption":"MN Kuljetus OY"},"image":{"@id":"https:\/\/mnkuljetus.fi\/#\/schema\/logo\/image\/"}}]}},"_links":{"self":[{"href":"https:\/\/mnkuljetus.fi\/index.php?rest_route=\/wp\/v2\/pages\/416","targetHints":{"allow":["GET"]}}],"collection":[{"href":"https:\/\/mnkuljetus.fi\/index.php?rest_route=\/wp\/v2\/pages"}],"about":[{"href":"https:\/\/mnkuljetus.fi\/index.php?rest_route=\/wp\/v2\/types\/page"}],"author":[{"embeddable":true,"href":"https:\/\/mnkuljetus.fi\/index.php?rest_route=\/wp\/v2\/users\/1"}],"replies":[{"embeddable":true,"href":"https:\/\/mnkuljetus.fi\/index.php?rest_route=%2Fwp%2Fv2%2Fcomments&post=416"}],"version-history":[{"count":12,"href":"https:\/\/mnkuljetus.fi\/index.php?rest_route=\/wp\/v2\/pages\/416\/revisions"}],"predecessor-version":[{"id":523,"href":"https:\/\/mnkuljetus.fi\/index.php?rest_route=\/wp\/v2\/pages\/416\/revisions\/523"}],"up":[{"embeddable":true,"href":"https:\/\/mnkuljetus.fi\/index.php?rest_route=\/wp\/v2\/pages\/146"}],"wp:attachment":[{"href":"https:\/\/mnkuljetus.fi\/index.php?rest_route=%2Fwp%2Fv2%2Fmedia&parent=416"}],"curies":[{"name":"wp","href":"https:\/\/api.w.org\/{rel}","templated":true}]}}