{"id":234,"date":"2020-06-07T17:44:45","date_gmt":"2020-06-07T17:44:45","guid":{"rendered":"https:\/\/mnkuljetus.fi\/?page_id=234"},"modified":"2024-08-11T21:26:35","modified_gmt":"2024-08-11T21:26:35","slug":"liiketilaa-vuokrattavana","status":"publish","type":"page","link":"https:\/\/mnkuljetus.fi\/?page_id=234","title":{"rendered":"Liiketilaa vuokrattavana"},"content":{"rendered":"\n<p><strong>Liiketila vuokrattavana<\/strong><\/p>\n\n\n\n<p>Tarjoamme vuokralle valoisan ja monik\u00e4ytt\u00f6isen liiketilan, joka soveltuu erinomaisesti toimisto- tai varastok\u00e4ytt\u00f6\u00f6n. Tilassa on avoin pohjaratkaisu, joka mahdollistaa joustavat sisustusratkaisut. Tilasta l\u00f6ytyy runsaasti s\u00e4ilytystilaa, ja se on varustettu toimistokalusteilla, kuten hyllyill\u00e4 ja ty\u00f6p\u00f6ydill\u00e4.<\/p>\n\n\n\n<p>Suuret ikkunat tuovat tilaan luonnonvaloa ja tarjoavat n\u00e4kym\u00e4t ymp\u00e4rist\u00f6\u00f6n. Tilat sijaitsevat helposti saavutettavissa olevalla alueella, l\u00e4hell\u00e4 palveluita ja hyvi\u00e4 kulkuyhteyksi\u00e4.<\/p>\n\n\n\n<p>T\u00e4m\u00e4 liiketila on heti vapaa, ja se on erinomainen vaihtoehto yritykselle, joka tarvitsee muuntautumiskykyist\u00e4 ja k\u00e4yt\u00e4nn\u00f6llist\u00e4 tilaa liiketoimintansa tarpeisiin.<\/p>\n\n\n\n<p><strong>Ominaisuudet:<\/strong><\/p>\n\n\n\n<ul class=\"wp-block-list\">\n<li>Avoin pohjaratkaisu<\/li>\n\n\n\n<li>Runsaasti s\u00e4ilytystilaa<\/li>\n\n\n\n<li>Toimistokalusteet sis\u00e4ltyv\u00e4t<\/li>\n\n\n\n<li>Suuret ikkunat luonnonvalolla<\/li>\n\n\n\n<li>Erinomainen sijainti<\/li>\n<\/ul>\n\n\n\n<figure class=\"wp-block-gallery has-nested-images columns-2 is-cropped wp-block-gallery-1 is-layout-flex wp-block-gallery-is-layout-flex\">\n<figure class=\"wp-block-image size-full\"><img loading=\"lazy\" decoding=\"async\" width=\"2560\" height=\"1920\" data-id=\"368\" src=\"https:\/\/mnkuljetus.fi\/wp-content\/uploads\/2020\/09\/unnamed-1-scaled.jpg\" alt=\"\" class=\"wp-image-368\" srcset=\"https:\/\/mnkuljetus.fi\/wp-content\/uploads\/2020\/09\/unnamed-1-scaled.jpg 2560w, https:\/\/mnkuljetus.fi\/wp-content\/uploads\/2020\/09\/unnamed-1-300x225.jpg 300w, https:\/\/mnkuljetus.fi\/wp-content\/uploads\/2020\/09\/unnamed-1-1024x768.jpg 1024w, https:\/\/mnkuljetus.fi\/wp-content\/uploads\/2020\/09\/unnamed-1-768x576.jpg 768w, https:\/\/mnkuljetus.fi\/wp-content\/uploads\/2020\/09\/unnamed-1-1536x1152.jpg 1536w, https:\/\/mnkuljetus.fi\/wp-content\/uploads\/2020\/09\/unnamed-1-2048x1536.jpg 2048w\" sizes=\"auto, (max-width: 2560px) 100vw, 2560px\" \/><\/figure>\n\n\n\n<figure class=\"wp-block-image size-full\"><img loading=\"lazy\" decoding=\"async\" width=\"2560\" height=\"1920\" data-id=\"369\" src=\"https:\/\/mnkuljetus.fi\/wp-content\/uploads\/2020\/09\/unnamed-scaled.jpg\" alt=\"\" class=\"wp-image-369\" srcset=\"https:\/\/mnkuljetus.fi\/wp-content\/uploads\/2020\/09\/unnamed-scaled.jpg 2560w, https:\/\/mnkuljetus.fi\/wp-content\/uploads\/2020\/09\/unnamed-300x225.jpg 300w, https:\/\/mnkuljetus.fi\/wp-content\/uploads\/2020\/09\/unnamed-1024x768.jpg 1024w, https:\/\/mnkuljetus.fi\/wp-content\/uploads\/2020\/09\/unnamed-768x576.jpg 768w, https:\/\/mnkuljetus.fi\/wp-content\/uploads\/2020\/09\/unnamed-1536x1152.jpg 1536w, https:\/\/mnkuljetus.fi\/wp-content\/uploads\/2020\/09\/unnamed-2048x1536.jpg 2048w\" sizes=\"auto, (max-width: 2560px) 100vw, 2560px\" \/><\/figure>\n<\/figure>\n","protected":false},"excerpt":{"rendered":"<p>Liiketila vuokrattavana Tarjoamme vuokralle valoisan ja monik\u00e4ytt\u00f6isen liiketilan, joka soveltuu erinomaisesti toimisto- tai varastok\u00e4ytt\u00f6\u00f6n. Tilassa [&hellip;]<\/p>\n","protected":false},"author":1,"featured_media":0,"parent":0,"menu_order":0,"comment_status":"closed","ping_status":"closed","template":"","meta":{"footnotes":""},"class_list":["post-234","page","type-page","status-publish","hentry"],"yoast_head":"<!-- This site is optimized with the Yoast SEO plugin v27.5 - https:\/\/yoast.com\/product\/yoast-seo-wordpress\/ -->\n<title>Liiketilaa vuokrattavana - MN Kuljetus OY<\/title>\n<meta name=\"robots\" content=\"index, follow, max-snippet:-1, max-image-preview:large, max-video-preview:-1\" \/>\n<link rel=\"canonical\" href=\"https:\/\/mnkuljetus.fi\/?page_id=234\" \/>\n<meta property=\"og:locale\" content=\"fi_FI\" \/>\n<meta property=\"og:type\" content=\"article\" \/>\n<meta property=\"og:title\" content=\"Liiketilaa vuokrattavana - MN Kuljetus OY\" \/>\n<meta property=\"og:description\" content=\"Liiketila vuokrattavana Tarjoamme vuokralle valoisan ja monik\u00e4ytt\u00f6isen liiketilan, joka soveltuu erinomaisesti toimisto- tai varastok\u00e4ytt\u00f6\u00f6n. Tilassa [&hellip;]\" \/>\n<meta property=\"og:url\" content=\"https:\/\/mnkuljetus.fi\/?page_id=234\" \/>\n<meta property=\"og:site_name\" content=\"MN Kuljetus OY\" \/>\n<meta property=\"article:modified_time\" content=\"2024-08-11T21:26:35+00:00\" \/>\n<meta property=\"og:image\" content=\"https:\/\/mnkuljetus.fi\/wp-content\/uploads\/2020\/09\/unnamed-1-scaled.jpg\" \/>\n<meta name=\"twitter:card\" content=\"summary_large_image\" \/>\n<meta name=\"twitter:label1\" content=\"Arvioitu lukuaika\" \/>\n\t<meta name=\"twitter:data1\" content=\"1 minuutti\" \/>\n<script type=\"application\/ld+json\" class=\"yoast-schema-graph\">{\"@context\":\"https:\\\/\\\/schema.org\",\"@graph\":[{\"@type\":\"WebPage\",\"@id\":\"https:\\\/\\\/mnkuljetus.fi\\\/?page_id=234\",\"url\":\"https:\\\/\\\/mnkuljetus.fi\\\/?page_id=234\",\"name\":\"Liiketilaa vuokrattavana - MN Kuljetus OY\",\"isPartOf\":{\"@id\":\"https:\\\/\\\/mnkuljetus.fi\\\/#website\"},\"primaryImageOfPage\":{\"@id\":\"https:\\\/\\\/mnkuljetus.fi\\\/?page_id=234#primaryimage\"},\"image\":{\"@id\":\"https:\\\/\\\/mnkuljetus.fi\\\/?page_id=234#primaryimage\"},\"thumbnailUrl\":\"https:\\\/\\\/mnkuljetus.fi\\\/wp-content\\\/uploads\\\/2020\\\/09\\\/unnamed-1-scaled.jpg\",\"datePublished\":\"2020-06-07T17:44:45+00:00\",\"dateModified\":\"2024-08-11T21:26:35+00:00\",\"breadcrumb\":{\"@id\":\"https:\\\/\\\/mnkuljetus.fi\\\/?page_id=234#breadcrumb\"},\"inLanguage\":\"fi\",\"potentialAction\":[{\"@type\":\"ReadAction\",\"target\":[\"https:\\\/\\\/mnkuljetus.fi\\\/?page_id=234\"]}]},{\"@type\":\"ImageObject\",\"inLanguage\":\"fi\",\"@id\":\"https:\\\/\\\/mnkuljetus.fi\\\/?page_id=234#primaryimage\",\"url\":\"https:\\\/\\\/mnkuljetus.fi\\\/wp-content\\\/uploads\\\/2020\\\/09\\\/unnamed-1-scaled.jpg\",\"contentUrl\":\"https:\\\/\\\/mnkuljetus.fi\\\/wp-content\\\/uploads\\\/2020\\\/09\\\/unnamed-1-scaled.jpg\",\"width\":2560,\"height\":1920},{\"@type\":\"BreadcrumbList\",\"@id\":\"https:\\\/\\\/mnkuljetus.fi\\\/?page_id=234#breadcrumb\",\"itemListElement\":[{\"@type\":\"ListItem\",\"position\":1,\"name\":\"Home\",\"item\":\"https:\\\/\\\/mnkuljetus.fi\\\/\"},{\"@type\":\"ListItem\",\"position\":2,\"name\":\"Liiketilaa vuokrattavana\"}]},{\"@type\":\"WebSite\",\"@id\":\"https:\\\/\\\/mnkuljetus.fi\\\/#website\",\"url\":\"https:\\\/\\\/mnkuljetus.fi\\\/\",\"name\":\"MN Kuljetus OY\",\"description\":\"\",\"publisher\":{\"@id\":\"https:\\\/\\\/mnkuljetus.fi\\\/#organization\"},\"potentialAction\":[{\"@type\":\"SearchAction\",\"target\":{\"@type\":\"EntryPoint\",\"urlTemplate\":\"https:\\\/\\\/mnkuljetus.fi\\\/?s={search_term_string}\"},\"query-input\":{\"@type\":\"PropertyValueSpecification\",\"valueRequired\":true,\"valueName\":\"search_term_string\"}}],\"inLanguage\":\"fi\"},{\"@type\":\"Organization\",\"@id\":\"https:\\\/\\\/mnkuljetus.fi\\\/#organization\",\"name\":\"MN Kuljetus OY\",\"url\":\"https:\\\/\\\/mnkuljetus.fi\\\/\",\"logo\":{\"@type\":\"ImageObject\",\"inLanguage\":\"fi\",\"@id\":\"https:\\\/\\\/mnkuljetus.fi\\\/#\\\/schema\\\/logo\\\/image\\\/\",\"url\":\"https:\\\/\\\/mnkuljetus.fi\\\/wp-content\\\/uploads\\\/2025\\\/03\\\/cropped-mnkuljetus-logo-blue2020-1.png\",\"contentUrl\":\"https:\\\/\\\/mnkuljetus.fi\\\/wp-content\\\/uploads\\\/2025\\\/03\\\/cropped-mnkuljetus-logo-blue2020-1.png\",\"width\":200,\"height\":90,\"caption\":\"MN Kuljetus OY\"},\"image\":{\"@id\":\"https:\\\/\\\/mnkuljetus.fi\\\/#\\\/schema\\\/logo\\\/image\\\/\"}}]}<\/script>\n<!-- \/ Yoast SEO plugin. -->","yoast_head_json":{"title":"Liiketilaa vuokrattavana - MN Kuljetus OY","robots":{"index":"index","follow":"follow","max-snippet":"max-snippet:-1","max-image-preview":"max-image-preview:large","max-video-preview":"max-video-preview:-1"},"canonical":"https:\/\/mnkuljetus.fi\/?page_id=234","og_locale":"fi_FI","og_type":"article","og_title":"Liiketilaa vuokrattavana - MN Kuljetus OY","og_description":"Liiketila vuokrattavana Tarjoamme vuokralle valoisan ja monik\u00e4ytt\u00f6isen liiketilan, joka soveltuu erinomaisesti toimisto- tai varastok\u00e4ytt\u00f6\u00f6n. Tilassa [&hellip;]","og_url":"https:\/\/mnkuljetus.fi\/?page_id=234","og_site_name":"MN Kuljetus OY","article_modified_time":"2024-08-11T21:26:35+00:00","og_image":[{"url":"https:\/\/mnkuljetus.fi\/wp-content\/uploads\/2020\/09\/unnamed-1-scaled.jpg","type":"","width":"","height":""}],"twitter_card":"summary_large_image","twitter_misc":{"Arvioitu lukuaika":"1 minuutti"},"schema":{"@context":"https:\/\/schema.org","@graph":[{"@type":"WebPage","@id":"https:\/\/mnkuljetus.fi\/?page_id=234","url":"https:\/\/mnkuljetus.fi\/?page_id=234","name":"Liiketilaa vuokrattavana - MN Kuljetus OY","isPartOf":{"@id":"https:\/\/mnkuljetus.fi\/#website"},"primaryImageOfPage":{"@id":"https:\/\/mnkuljetus.fi\/?page_id=234#primaryimage"},"image":{"@id":"https:\/\/mnkuljetus.fi\/?page_id=234#primaryimage"},"thumbnailUrl":"https:\/\/mnkuljetus.fi\/wp-content\/uploads\/2020\/09\/unnamed-1-scaled.jpg","datePublished":"2020-06-07T17:44:45+00:00","dateModified":"2024-08-11T21:26:35+00:00","breadcrumb":{"@id":"https:\/\/mnkuljetus.fi\/?page_id=234#breadcrumb"},"inLanguage":"fi","potentialAction":[{"@type":"ReadAction","target":["https:\/\/mnkuljetus.fi\/?page_id=234"]}]},{"@type":"ImageObject","inLanguage":"fi","@id":"https:\/\/mnkuljetus.fi\/?page_id=234#primaryimage","url":"https:\/\/mnkuljetus.fi\/wp-content\/uploads\/2020\/09\/unnamed-1-scaled.jpg","contentUrl":"https:\/\/mnkuljetus.fi\/wp-content\/uploads\/2020\/09\/unnamed-1-scaled.jpg","width":2560,"height":1920},{"@type":"BreadcrumbList","@id":"https:\/\/mnkuljetus.fi\/?page_id=234#breadcrumb","itemListElement":[{"@type":"ListItem","position":1,"name":"Home","item":"https:\/\/mnkuljetus.fi\/"},{"@type":"ListItem","position":2,"name":"Liiketilaa vuokrattavana"}]},{"@type":"WebSite","@id":"https:\/\/mnkuljetus.fi\/#website","url":"https:\/\/mnkuljetus.fi\/","name":"MN Kuljetus OY","description":"","publisher":{"@id":"https:\/\/mnkuljetus.fi\/#organization"},"potentialAction":[{"@type":"SearchAction","target":{"@type":"EntryPoint","urlTemplate":"https:\/\/mnkuljetus.fi\/?s={search_term_string}"},"query-input":{"@type":"PropertyValueSpecification","valueRequired":true,"valueName":"search_term_string"}}],"inLanguage":"fi"},{"@type":"Organization","@id":"https:\/\/mnkuljetus.fi\/#organization","name":"MN Kuljetus OY","url":"https:\/\/mnkuljetus.fi\/","logo":{"@type":"ImageObject","inLanguage":"fi","@id":"https:\/\/mnkuljetus.fi\/#\/schema\/logo\/image\/","url":"https:\/\/mnkuljetus.fi\/wp-content\/uploads\/2025\/03\/cropped-mnkuljetus-logo-blue2020-1.png","contentUrl":"https:\/\/mnkuljetus.fi\/wp-content\/uploads\/2025\/03\/cropped-mnkuljetus-logo-blue2020-1.png","width":200,"height":90,"caption":"MN Kuljetus OY"},"image":{"@id":"https:\/\/mnkuljetus.fi\/#\/schema\/logo\/image\/"}}]}},"_links":{"self":[{"href":"https:\/\/mnkuljetus.fi\/index.php?rest_route=\/wp\/v2\/pages\/234","targetHints":{"allow":["GET"]}}],"collection":[{"href":"https:\/\/mnkuljetus.fi\/index.php?rest_route=\/wp\/v2\/pages"}],"about":[{"href":"https:\/\/mnkuljetus.fi\/index.php?rest_route=\/wp\/v2\/types\/page"}],"author":[{"embeddable":true,"href":"https:\/\/mnkuljetus.fi\/index.php?rest_route=\/wp\/v2\/users\/1"}],"replies":[{"embeddable":true,"href":"https:\/\/mnkuljetus.fi\/index.php?rest_route=%2Fwp%2Fv2%2Fcomments&post=234"}],"version-history":[{"count":4,"href":"https:\/\/mnkuljetus.fi\/index.php?rest_route=\/wp\/v2\/pages\/234\/revisions"}],"predecessor-version":[{"id":483,"href":"https:\/\/mnkuljetus.fi\/index.php?rest_route=\/wp\/v2\/pages\/234\/revisions\/483"}],"wp:attachment":[{"href":"https:\/\/mnkuljetus.fi\/index.php?rest_route=%2Fwp%2Fv2%2Fmedia&parent=234"}],"curies":[{"name":"wp","href":"https:\/\/api.w.org\/{rel}","templated":true}]}}