{"id":154,"date":"2020-06-07T15:25:46","date_gmt":"2020-06-07T15:25:46","guid":{"rendered":"https:\/\/mnkuljetus.fi\/?page_id=154"},"modified":"2025-03-15T02:51:19","modified_gmt":"2025-03-15T02:51:19","slug":"ota-yhteytta-2","status":"publish","type":"page","link":"https:\/\/mnkuljetus.fi\/?page_id=154","title":{"rendered":"OTA YHTEYTT\u00c4"},"content":{"rendered":"\n<h1 class=\"wp-block-heading has-text-align-center\">OTA YHTEYTT\u00c4<\/h1>\n\n\n\n<hr class=\"wp-block-separator has-alpha-channel-opacity is-style-default\"\/>\n\n\n\n<p><\/p>\n\n\n\n<p class=\"has-text-align-center\"><strong>MN Kuljetus Oy on aktiivisesti etsim\u00e4ss\u00e4 uusia yhteisty\u00f6kumppaneita ja ammattitaitoisia yhdistelm\u00e4ajoneuvon kuljettajia liittym\u00e4\u00e4n kasvavaan tiimiins\u00e4.<\/strong><\/p>\n\n\n\n<div style=\"height:14px\" aria-hidden=\"true\" class=\"wp-block-spacer\"><\/div>\n\n\n\n<p class=\"has-text-align-center\"><strong>Yritys tarjoaa mahdollisuuksia urakehitykseen kuljetusalalla, keskittyen erityisesti elintarvike-, kappaletavara- ja teollisuuskuljetuksiin. T\u00e4m\u00e4 avaa ovia niille, jotka ovat kiinnostuneita yritt\u00e4jyydest\u00e4 ja haluavat osallistua laajemmin logistiikka- ja kuljetussektorille.<\/strong><\/p>\n\n\n<div class=\"wpforms-container wpforms-container-full wpforms-block wpforms-block-2696e6ef-6732-4e90-835f-6b86a3462594\" id=\"wpforms-402\"><form id=\"wpforms-form-402\" class=\"wpforms-validate wpforms-form\" data-formid=\"402\" method=\"post\" enctype=\"multipart\/form-data\" action=\"\/index.php?rest_route=%2Fwp%2Fv2%2Fpages%2F154\" data-token=\"f248120e10fdb5f74b9073b3036fbb5f\" data-token-time=\"1776847410\"><noscript class=\"wpforms-error-noscript\">Please enable JavaScript in your browser to complete this form.<\/noscript><div class=\"wpforms-field-container\"><div id=\"wpforms-402-field_0-container\" class=\"wpforms-field wpforms-field-name\" data-field-id=\"0\"><label class=\"wpforms-field-label\" for=\"wpforms-402-field_0\">Nimi <span class=\"wpforms-required-label\">*<\/span><\/label><input type=\"text\" id=\"wpforms-402-field_0\" class=\"wpforms-field-medium wpforms-field-required\" name=\"wpforms[fields][0]\" required><\/div><div id=\"wpforms-402-field_1-container\" class=\"wpforms-field wpforms-field-email\" data-field-id=\"1\"><label class=\"wpforms-field-label\" for=\"wpforms-402-field_1\">S\u00e4hk\u00f6posti <span class=\"wpforms-required-label\">*<\/span><\/label><input type=\"email\" id=\"wpforms-402-field_1\" class=\"wpforms-field-medium wpforms-field-required\" name=\"wpforms[fields][1]\" spellcheck=\"false\" required><\/div><div id=\"wpforms-402-field_2-container\" class=\"wpforms-field wpforms-field-textarea\" data-field-id=\"2\"><label class=\"wpforms-field-label\" for=\"wpforms-402-field_2\">Viesti <span class=\"wpforms-required-label\">*<\/span><\/label><textarea id=\"wpforms-402-field_2\" class=\"wpforms-field-medium wpforms-field-required\" name=\"wpforms[fields][2]\" required><\/textarea><\/div><\/div><!-- .wpforms-field-container --><div class=\"wpforms-recaptcha-container wpforms-is-recaptcha wpforms-is-recaptcha-type-invisible\" ><div class=\"g-recaptcha\" data-sitekey=\"6LdE6v8UAAAAAEKUeDnr---niD9P5a3yCRsb1XHq\" data-size=\"invisible\"><\/div><\/div><div class=\"wpforms-submit-container\" ><input type=\"hidden\" name=\"wpforms[id]\" value=\"402\"><input type=\"hidden\" name=\"page_title\" value=\"\"><input type=\"hidden\" name=\"page_url\" value=\"https:\/\/mnkuljetus.fi\/index.php?rest_route=\/wp\/v2\/pages\/154\"><input type=\"hidden\" name=\"url_referer\" value=\"\"><button type=\"submit\" name=\"wpforms[submit]\" id=\"wpforms-submit-402\" class=\"wpforms-submit\" data-alt-text=\"L\u00e4hetet\u00e4\u00e4n...\" data-submit-text=\"L\u00e4het\u00e4\" aria-live=\"assertive\" value=\"wpforms-submit\">L\u00e4het\u00e4<\/button><\/div><\/form><\/div>  <!-- .wpforms-container -->","protected":false},"excerpt":{"rendered":"<p>OTA YHTEYTT\u00c4 MN Kuljetus Oy on aktiivisesti etsim\u00e4ss\u00e4 uusia yhteisty\u00f6kumppaneita ja ammattitaitoisia yhdistelm\u00e4ajoneuvon kuljettajia liittym\u00e4\u00e4n [&hellip;]<\/p>\n","protected":false},"author":1,"featured_media":0,"parent":0,"menu_order":0,"comment_status":"closed","ping_status":"closed","template":"","meta":{"footnotes":""},"class_list":["post-154","page","type-page","status-publish","hentry"],"yoast_head":"<!-- This site is optimized with the Yoast SEO plugin v27.4 - https:\/\/yoast.com\/product\/yoast-seo-wordpress\/ -->\n<title>OTA YHTEYTT\u00c4 - MN Kuljetus OY<\/title>\n<meta name=\"robots\" content=\"index, follow, max-snippet:-1, max-image-preview:large, max-video-preview:-1\" \/>\n<link rel=\"canonical\" href=\"https:\/\/mnkuljetus.fi\/?page_id=154\" \/>\n<meta property=\"og:locale\" content=\"fi_FI\" \/>\n<meta property=\"og:type\" content=\"article\" \/>\n<meta property=\"og:title\" content=\"OTA YHTEYTT\u00c4 - MN Kuljetus OY\" \/>\n<meta property=\"og:description\" content=\"OTA YHTEYTT\u00c4 MN Kuljetus Oy on aktiivisesti etsim\u00e4ss\u00e4 uusia yhteisty\u00f6kumppaneita ja ammattitaitoisia yhdistelm\u00e4ajoneuvon kuljettajia liittym\u00e4\u00e4n [&hellip;]\" \/>\n<meta property=\"og:url\" content=\"https:\/\/mnkuljetus.fi\/?page_id=154\" \/>\n<meta property=\"og:site_name\" content=\"MN Kuljetus OY\" \/>\n<meta property=\"article:modified_time\" content=\"2025-03-15T02:51:19+00:00\" \/>\n<meta name=\"twitter:card\" content=\"summary_large_image\" \/>\n<meta name=\"twitter:label1\" content=\"Arvioitu lukuaika\" \/>\n\t<meta name=\"twitter:data1\" content=\"1 minuutti\" \/>\n<script type=\"application\/ld+json\" class=\"yoast-schema-graph\">{\"@context\":\"https:\\\/\\\/schema.org\",\"@graph\":[{\"@type\":\"WebPage\",\"@id\":\"https:\\\/\\\/mnkuljetus.fi\\\/?page_id=154\",\"url\":\"https:\\\/\\\/mnkuljetus.fi\\\/?page_id=154\",\"name\":\"OTA YHTEYTT\u00c4 - MN Kuljetus OY\",\"isPartOf\":{\"@id\":\"https:\\\/\\\/mnkuljetus.fi\\\/#website\"},\"datePublished\":\"2020-06-07T15:25:46+00:00\",\"dateModified\":\"2025-03-15T02:51:19+00:00\",\"breadcrumb\":{\"@id\":\"https:\\\/\\\/mnkuljetus.fi\\\/?page_id=154#breadcrumb\"},\"inLanguage\":\"fi\",\"potentialAction\":[{\"@type\":\"ReadAction\",\"target\":[\"https:\\\/\\\/mnkuljetus.fi\\\/?page_id=154\"]}]},{\"@type\":\"BreadcrumbList\",\"@id\":\"https:\\\/\\\/mnkuljetus.fi\\\/?page_id=154#breadcrumb\",\"itemListElement\":[{\"@type\":\"ListItem\",\"position\":1,\"name\":\"Home\",\"item\":\"https:\\\/\\\/mnkuljetus.fi\\\/\"},{\"@type\":\"ListItem\",\"position\":2,\"name\":\"OTA YHTEYTT\u00c4\"}]},{\"@type\":\"WebSite\",\"@id\":\"https:\\\/\\\/mnkuljetus.fi\\\/#website\",\"url\":\"https:\\\/\\\/mnkuljetus.fi\\\/\",\"name\":\"MN Kuljetus OY\",\"description\":\"\",\"publisher\":{\"@id\":\"https:\\\/\\\/mnkuljetus.fi\\\/#organization\"},\"potentialAction\":[{\"@type\":\"SearchAction\",\"target\":{\"@type\":\"EntryPoint\",\"urlTemplate\":\"https:\\\/\\\/mnkuljetus.fi\\\/?s={search_term_string}\"},\"query-input\":{\"@type\":\"PropertyValueSpecification\",\"valueRequired\":true,\"valueName\":\"search_term_string\"}}],\"inLanguage\":\"fi\"},{\"@type\":\"Organization\",\"@id\":\"https:\\\/\\\/mnkuljetus.fi\\\/#organization\",\"name\":\"MN Kuljetus OY\",\"url\":\"https:\\\/\\\/mnkuljetus.fi\\\/\",\"logo\":{\"@type\":\"ImageObject\",\"inLanguage\":\"fi\",\"@id\":\"https:\\\/\\\/mnkuljetus.fi\\\/#\\\/schema\\\/logo\\\/image\\\/\",\"url\":\"https:\\\/\\\/mnkuljetus.fi\\\/wp-content\\\/uploads\\\/2025\\\/03\\\/cropped-mnkuljetus-logo-blue2020-1.png\",\"contentUrl\":\"https:\\\/\\\/mnkuljetus.fi\\\/wp-content\\\/uploads\\\/2025\\\/03\\\/cropped-mnkuljetus-logo-blue2020-1.png\",\"width\":200,\"height\":90,\"caption\":\"MN Kuljetus OY\"},\"image\":{\"@id\":\"https:\\\/\\\/mnkuljetus.fi\\\/#\\\/schema\\\/logo\\\/image\\\/\"}}]}<\/script>\n<!-- \/ Yoast SEO plugin. -->","yoast_head_json":{"title":"OTA YHTEYTT\u00c4 - MN Kuljetus OY","robots":{"index":"index","follow":"follow","max-snippet":"max-snippet:-1","max-image-preview":"max-image-preview:large","max-video-preview":"max-video-preview:-1"},"canonical":"https:\/\/mnkuljetus.fi\/?page_id=154","og_locale":"fi_FI","og_type":"article","og_title":"OTA YHTEYTT\u00c4 - MN Kuljetus OY","og_description":"OTA YHTEYTT\u00c4 MN Kuljetus Oy on aktiivisesti etsim\u00e4ss\u00e4 uusia yhteisty\u00f6kumppaneita ja ammattitaitoisia yhdistelm\u00e4ajoneuvon kuljettajia liittym\u00e4\u00e4n [&hellip;]","og_url":"https:\/\/mnkuljetus.fi\/?page_id=154","og_site_name":"MN Kuljetus OY","article_modified_time":"2025-03-15T02:51:19+00:00","twitter_card":"summary_large_image","twitter_misc":{"Arvioitu lukuaika":"1 minuutti"},"schema":{"@context":"https:\/\/schema.org","@graph":[{"@type":"WebPage","@id":"https:\/\/mnkuljetus.fi\/?page_id=154","url":"https:\/\/mnkuljetus.fi\/?page_id=154","name":"OTA YHTEYTT\u00c4 - MN Kuljetus OY","isPartOf":{"@id":"https:\/\/mnkuljetus.fi\/#website"},"datePublished":"2020-06-07T15:25:46+00:00","dateModified":"2025-03-15T02:51:19+00:00","breadcrumb":{"@id":"https:\/\/mnkuljetus.fi\/?page_id=154#breadcrumb"},"inLanguage":"fi","potentialAction":[{"@type":"ReadAction","target":["https:\/\/mnkuljetus.fi\/?page_id=154"]}]},{"@type":"BreadcrumbList","@id":"https:\/\/mnkuljetus.fi\/?page_id=154#breadcrumb","itemListElement":[{"@type":"ListItem","position":1,"name":"Home","item":"https:\/\/mnkuljetus.fi\/"},{"@type":"ListItem","position":2,"name":"OTA YHTEYTT\u00c4"}]},{"@type":"WebSite","@id":"https:\/\/mnkuljetus.fi\/#website","url":"https:\/\/mnkuljetus.fi\/","name":"MN Kuljetus OY","description":"","publisher":{"@id":"https:\/\/mnkuljetus.fi\/#organization"},"potentialAction":[{"@type":"SearchAction","target":{"@type":"EntryPoint","urlTemplate":"https:\/\/mnkuljetus.fi\/?s={search_term_string}"},"query-input":{"@type":"PropertyValueSpecification","valueRequired":true,"valueName":"search_term_string"}}],"inLanguage":"fi"},{"@type":"Organization","@id":"https:\/\/mnkuljetus.fi\/#organization","name":"MN Kuljetus OY","url":"https:\/\/mnkuljetus.fi\/","logo":{"@type":"ImageObject","inLanguage":"fi","@id":"https:\/\/mnkuljetus.fi\/#\/schema\/logo\/image\/","url":"https:\/\/mnkuljetus.fi\/wp-content\/uploads\/2025\/03\/cropped-mnkuljetus-logo-blue2020-1.png","contentUrl":"https:\/\/mnkuljetus.fi\/wp-content\/uploads\/2025\/03\/cropped-mnkuljetus-logo-blue2020-1.png","width":200,"height":90,"caption":"MN Kuljetus OY"},"image":{"@id":"https:\/\/mnkuljetus.fi\/#\/schema\/logo\/image\/"}}]}},"_links":{"self":[{"href":"https:\/\/mnkuljetus.fi\/index.php?rest_route=\/wp\/v2\/pages\/154","targetHints":{"allow":["GET"]}}],"collection":[{"href":"https:\/\/mnkuljetus.fi\/index.php?rest_route=\/wp\/v2\/pages"}],"about":[{"href":"https:\/\/mnkuljetus.fi\/index.php?rest_route=\/wp\/v2\/types\/page"}],"author":[{"embeddable":true,"href":"https:\/\/mnkuljetus.fi\/index.php?rest_route=\/wp\/v2\/users\/1"}],"replies":[{"embeddable":true,"href":"https:\/\/mnkuljetus.fi\/index.php?rest_route=%2Fwp%2Fv2%2Fcomments&post=154"}],"version-history":[{"count":15,"href":"https:\/\/mnkuljetus.fi\/index.php?rest_route=\/wp\/v2\/pages\/154\/revisions"}],"predecessor-version":[{"id":526,"href":"https:\/\/mnkuljetus.fi\/index.php?rest_route=\/wp\/v2\/pages\/154\/revisions\/526"}],"wp:attachment":[{"href":"https:\/\/mnkuljetus.fi\/index.php?rest_route=%2Fwp%2Fv2%2Fmedia&parent=154"}],"curies":[{"name":"wp","href":"https:\/\/api.w.org\/{rel}","templated":true}]}}