{"id":146,"date":"2020-06-07T15:13:27","date_gmt":"2020-06-07T15:13:27","guid":{"rendered":"https:\/\/mnkuljetus.fi\/?page_id=146"},"modified":"2025-03-15T02:41:22","modified_gmt":"2025-03-15T02:41:22","slug":"palvelut","status":"publish","type":"page","link":"https:\/\/mnkuljetus.fi\/?page_id=146","title":{"rendered":"PALVELUT"},"content":{"rendered":"\n<h2 class=\"wp-block-heading\"><strong><strong>Kuljetuspalvelut<\/strong><\/strong><\/h2>\n\n\n\n<div class=\"wp-block-group\"><div class=\"wp-block-group__inner-container is-layout-flow wp-block-group-is-layout-flow\">\n<p>MN Kuljetus Oy on vuonna 2004 perustettu perheyritys, joka on juurtunut syv\u00e4lle Satakunnan alueelle. Yli kahden vuosikymmenen ajan olemme rakentaneet mainettamme luotettavana ja tehokkaana kuljetuspalveluiden tarjoajana, palvellen asiakkaitamme suurella omistautumisella ja ammattitaidolla.<\/p>\n\n\n\n<p>Toiminta-alueemme kattaa p\u00e4ivitt\u00e4in laajan osan Suomea, erityisesti L\u00e4nsi- ja Etel\u00e4-Suomen alueet, joissa liikenn\u00f6imme s\u00e4\u00e4nn\u00f6llisesti varmistaen, ett\u00e4 tavarat ja rahti saapuvat perille ajallaan ja turvallisesti. Meille jokainen kuljetus on t\u00e4rke\u00e4, oli kyseess\u00e4 sitten yksitt\u00e4inen postikortti tai tuhansien tonnien er\u00e4. Jokainen toimeksianto hoidetaan huolellisesti ja asiakasl\u00e4ht\u00f6isesti, jotta voimme varmistaa parhaan mahdollisen palvelun.<\/p>\n\n\n\n<p>K\u00e4yt\u00f6ss\u00e4mme on moderni ja monipuolinen FRC- ja FNA-kalusto, joka on varustettu kehittyneell\u00e4 satelliittiseurannalla. T\u00e4m\u00e4 mahdollistaa reaaliaikaisen seurannan ja korkean luotettavuuden kuljetusten aikatauluissa ja reittisuunnittelussa. Olemme panostaneet nykyaikaiseen teknologiaan ja laadukkaaseen kalustoon, sill\u00e4 haluamme tarjota asiakkaillemme huipputason kuljetuspalvelut kaikissa tilanteissa.<\/p>\n\n\n\n<p>Palvelumme eiv\u00e4t rajoitu pelk\u00e4st\u00e4\u00e4n kuljetuksiin. Tarjoamme my\u00f6s varastointimahdollisuuksia sek\u00e4 sis\u00e4ll\u00e4 ett\u00e4 ulkona, ja meilt\u00e4 on mahdollista vuokrata liiketilaa erilaisiin tarpeisiin. N\u00e4in voimme tarjota asiakkaillemme kokonaisvaltaisia logistiikkaratkaisuja, jotka tekev\u00e4t tavaroiden varastoinnista ja kuljettamisesta sujuvaa ja vaivatonta.<\/p>\n\n\n\n<p>Yrityksemme arvot perustuvat luottamukseen, vastuullisuuteen ja pitk\u00e4j\u00e4nteiseen yhteisty\u00f6h\u00f6n asiakkaidemme kanssa. Meille on ensiarvoisen t\u00e4rke\u00e4\u00e4, ett\u00e4 pid\u00e4mme kiinni lupauksistamme \u2013 se, mink\u00e4 lupaamme, my\u00f6s toteutamme. T\u00e4m\u00e4 asiakasl\u00e4ht\u00f6inen toimintamalli on ollut yksi suurimmista syist\u00e4 siihen, miksi olemme saaneet vankan aseman alallamme ja laajan asiakaskunnan, joka luottaa palveluihimme vuodesta toiseen.<\/p>\n\n\n\n<p>Ty\u00f6mme ja panostuksemme logistiikan kehitt\u00e4miseen on my\u00f6s huomioitu laajemmin. Vuonna 2017 meille my\u00f6nnettiin arvostettu <strong>Satakunnan perheyrityspalkinto<\/strong>, joka oli merkitt\u00e4v\u00e4 tunnustus pitk\u00e4j\u00e4nteisest\u00e4 ja laadukkaasta toiminnastamme. T\u00e4m\u00e4 palkinto kuvastaa meille sit\u00e4, kuinka t\u00e4rke\u00e4\u00e4 on yll\u00e4pit\u00e4\u00e4 perheyrityksen arvoja, kuten rehellisyytt\u00e4, tinkim\u00e4t\u00f6nt\u00e4 ty\u00f6n laatua ja asiakasl\u00e4ht\u00f6ist\u00e4 palvelua.<\/p>\n\n\n\n<p>Me MN Kuljetus Oy:ss\u00e4 emme vain kuljeta \u2013 me rakennamme sujuvaa ja luotettavaa logistiikkaa, jonka varaan asiakkaamme voivat laskea. Ota yhteytt\u00e4 ja suunnitellaan yhdess\u00e4 paras ratkaisu juuri sinun tarpeisiisi!<\/p>\n<\/div><\/div>\n","protected":false},"excerpt":{"rendered":"<p>Kuljetuspalvelut MN Kuljetus Oy on vuonna 2004 perustettu perheyritys, joka on juurtunut syv\u00e4lle Satakunnan alueelle. [&hellip;]<\/p>\n","protected":false},"author":1,"featured_media":0,"parent":0,"menu_order":0,"comment_status":"closed","ping_status":"closed","template":"","meta":{"footnotes":""},"class_list":["post-146","page","type-page","status-publish","hentry"],"yoast_head":"<!-- This site is optimized with the Yoast SEO plugin v27.5 - https:\/\/yoast.com\/product\/yoast-seo-wordpress\/ -->\n<title>PALVELUT - MN Kuljetus OY<\/title>\n<meta name=\"description\" content=\"MN Kuljetus Oy on 2004 perustettu Satakuntalainen perheyritys.Liikenn\u00f6imme p\u00e4ivitt\u00e4in l\u00e4nsi sek\u00e4 Etel\u00e4 Suomen alueella .\" \/>\n<meta name=\"robots\" content=\"index, follow, max-snippet:-1, max-image-preview:large, max-video-preview:-1\" \/>\n<link rel=\"canonical\" href=\"https:\/\/mnkuljetus.fi\/?page_id=146\" \/>\n<meta property=\"og:locale\" content=\"fi_FI\" \/>\n<meta property=\"og:type\" content=\"article\" \/>\n<meta property=\"og:title\" content=\"PALVELUT - MN Kuljetus OY\" \/>\n<meta property=\"og:description\" content=\"MN Kuljetus Oy on 2004 perustettu Satakuntalainen perheyritys.Liikenn\u00f6imme p\u00e4ivitt\u00e4in l\u00e4nsi sek\u00e4 Etel\u00e4 Suomen alueella .\" \/>\n<meta property=\"og:url\" content=\"https:\/\/mnkuljetus.fi\/?page_id=146\" \/>\n<meta property=\"og:site_name\" content=\"MN Kuljetus OY\" \/>\n<meta property=\"article:modified_time\" content=\"2025-03-15T02:41:22+00:00\" \/>\n<meta name=\"twitter:card\" content=\"summary_large_image\" \/>\n<meta name=\"twitter:label1\" content=\"Arvioitu lukuaika\" \/>\n\t<meta name=\"twitter:data1\" content=\"2 minuuttia\" \/>\n<script type=\"application\/ld+json\" class=\"yoast-schema-graph\">{\"@context\":\"https:\\\/\\\/schema.org\",\"@graph\":[{\"@type\":\"WebPage\",\"@id\":\"https:\\\/\\\/mnkuljetus.fi\\\/?page_id=146\",\"url\":\"https:\\\/\\\/mnkuljetus.fi\\\/?page_id=146\",\"name\":\"PALVELUT - MN Kuljetus OY\",\"isPartOf\":{\"@id\":\"https:\\\/\\\/mnkuljetus.fi\\\/#website\"},\"datePublished\":\"2020-06-07T15:13:27+00:00\",\"dateModified\":\"2025-03-15T02:41:22+00:00\",\"description\":\"MN Kuljetus Oy on 2004 perustettu Satakuntalainen perheyritys.Liikenn\u00f6imme p\u00e4ivitt\u00e4in l\u00e4nsi sek\u00e4 Etel\u00e4 Suomen alueella .\",\"breadcrumb\":{\"@id\":\"https:\\\/\\\/mnkuljetus.fi\\\/?page_id=146#breadcrumb\"},\"inLanguage\":\"fi\",\"potentialAction\":[{\"@type\":\"ReadAction\",\"target\":[\"https:\\\/\\\/mnkuljetus.fi\\\/?page_id=146\"]}]},{\"@type\":\"BreadcrumbList\",\"@id\":\"https:\\\/\\\/mnkuljetus.fi\\\/?page_id=146#breadcrumb\",\"itemListElement\":[{\"@type\":\"ListItem\",\"position\":1,\"name\":\"Home\",\"item\":\"https:\\\/\\\/mnkuljetus.fi\\\/\"},{\"@type\":\"ListItem\",\"position\":2,\"name\":\"PALVELUT\"}]},{\"@type\":\"WebSite\",\"@id\":\"https:\\\/\\\/mnkuljetus.fi\\\/#website\",\"url\":\"https:\\\/\\\/mnkuljetus.fi\\\/\",\"name\":\"MN Kuljetus OY\",\"description\":\"\",\"publisher\":{\"@id\":\"https:\\\/\\\/mnkuljetus.fi\\\/#organization\"},\"potentialAction\":[{\"@type\":\"SearchAction\",\"target\":{\"@type\":\"EntryPoint\",\"urlTemplate\":\"https:\\\/\\\/mnkuljetus.fi\\\/?s={search_term_string}\"},\"query-input\":{\"@type\":\"PropertyValueSpecification\",\"valueRequired\":true,\"valueName\":\"search_term_string\"}}],\"inLanguage\":\"fi\"},{\"@type\":\"Organization\",\"@id\":\"https:\\\/\\\/mnkuljetus.fi\\\/#organization\",\"name\":\"MN Kuljetus OY\",\"url\":\"https:\\\/\\\/mnkuljetus.fi\\\/\",\"logo\":{\"@type\":\"ImageObject\",\"inLanguage\":\"fi\",\"@id\":\"https:\\\/\\\/mnkuljetus.fi\\\/#\\\/schema\\\/logo\\\/image\\\/\",\"url\":\"https:\\\/\\\/mnkuljetus.fi\\\/wp-content\\\/uploads\\\/2025\\\/03\\\/cropped-mnkuljetus-logo-blue2020-1.png\",\"contentUrl\":\"https:\\\/\\\/mnkuljetus.fi\\\/wp-content\\\/uploads\\\/2025\\\/03\\\/cropped-mnkuljetus-logo-blue2020-1.png\",\"width\":200,\"height\":90,\"caption\":\"MN Kuljetus OY\"},\"image\":{\"@id\":\"https:\\\/\\\/mnkuljetus.fi\\\/#\\\/schema\\\/logo\\\/image\\\/\"}}]}<\/script>\n<!-- \/ Yoast SEO plugin. -->","yoast_head_json":{"title":"PALVELUT - MN Kuljetus OY","description":"MN Kuljetus Oy on 2004 perustettu Satakuntalainen perheyritys.Liikenn\u00f6imme p\u00e4ivitt\u00e4in l\u00e4nsi sek\u00e4 Etel\u00e4 Suomen alueella .","robots":{"index":"index","follow":"follow","max-snippet":"max-snippet:-1","max-image-preview":"max-image-preview:large","max-video-preview":"max-video-preview:-1"},"canonical":"https:\/\/mnkuljetus.fi\/?page_id=146","og_locale":"fi_FI","og_type":"article","og_title":"PALVELUT - MN Kuljetus OY","og_description":"MN Kuljetus Oy on 2004 perustettu Satakuntalainen perheyritys.Liikenn\u00f6imme p\u00e4ivitt\u00e4in l\u00e4nsi sek\u00e4 Etel\u00e4 Suomen alueella .","og_url":"https:\/\/mnkuljetus.fi\/?page_id=146","og_site_name":"MN Kuljetus OY","article_modified_time":"2025-03-15T02:41:22+00:00","twitter_card":"summary_large_image","twitter_misc":{"Arvioitu lukuaika":"2 minuuttia"},"schema":{"@context":"https:\/\/schema.org","@graph":[{"@type":"WebPage","@id":"https:\/\/mnkuljetus.fi\/?page_id=146","url":"https:\/\/mnkuljetus.fi\/?page_id=146","name":"PALVELUT - MN Kuljetus OY","isPartOf":{"@id":"https:\/\/mnkuljetus.fi\/#website"},"datePublished":"2020-06-07T15:13:27+00:00","dateModified":"2025-03-15T02:41:22+00:00","description":"MN Kuljetus Oy on 2004 perustettu Satakuntalainen perheyritys.Liikenn\u00f6imme p\u00e4ivitt\u00e4in l\u00e4nsi sek\u00e4 Etel\u00e4 Suomen alueella .","breadcrumb":{"@id":"https:\/\/mnkuljetus.fi\/?page_id=146#breadcrumb"},"inLanguage":"fi","potentialAction":[{"@type":"ReadAction","target":["https:\/\/mnkuljetus.fi\/?page_id=146"]}]},{"@type":"BreadcrumbList","@id":"https:\/\/mnkuljetus.fi\/?page_id=146#breadcrumb","itemListElement":[{"@type":"ListItem","position":1,"name":"Home","item":"https:\/\/mnkuljetus.fi\/"},{"@type":"ListItem","position":2,"name":"PALVELUT"}]},{"@type":"WebSite","@id":"https:\/\/mnkuljetus.fi\/#website","url":"https:\/\/mnkuljetus.fi\/","name":"MN Kuljetus OY","description":"","publisher":{"@id":"https:\/\/mnkuljetus.fi\/#organization"},"potentialAction":[{"@type":"SearchAction","target":{"@type":"EntryPoint","urlTemplate":"https:\/\/mnkuljetus.fi\/?s={search_term_string}"},"query-input":{"@type":"PropertyValueSpecification","valueRequired":true,"valueName":"search_term_string"}}],"inLanguage":"fi"},{"@type":"Organization","@id":"https:\/\/mnkuljetus.fi\/#organization","name":"MN Kuljetus OY","url":"https:\/\/mnkuljetus.fi\/","logo":{"@type":"ImageObject","inLanguage":"fi","@id":"https:\/\/mnkuljetus.fi\/#\/schema\/logo\/image\/","url":"https:\/\/mnkuljetus.fi\/wp-content\/uploads\/2025\/03\/cropped-mnkuljetus-logo-blue2020-1.png","contentUrl":"https:\/\/mnkuljetus.fi\/wp-content\/uploads\/2025\/03\/cropped-mnkuljetus-logo-blue2020-1.png","width":200,"height":90,"caption":"MN Kuljetus OY"},"image":{"@id":"https:\/\/mnkuljetus.fi\/#\/schema\/logo\/image\/"}}]}},"_links":{"self":[{"href":"https:\/\/mnkuljetus.fi\/index.php?rest_route=\/wp\/v2\/pages\/146","targetHints":{"allow":["GET"]}}],"collection":[{"href":"https:\/\/mnkuljetus.fi\/index.php?rest_route=\/wp\/v2\/pages"}],"about":[{"href":"https:\/\/mnkuljetus.fi\/index.php?rest_route=\/wp\/v2\/types\/page"}],"author":[{"embeddable":true,"href":"https:\/\/mnkuljetus.fi\/index.php?rest_route=\/wp\/v2\/users\/1"}],"replies":[{"embeddable":true,"href":"https:\/\/mnkuljetus.fi\/index.php?rest_route=%2Fwp%2Fv2%2Fcomments&post=146"}],"version-history":[{"count":13,"href":"https:\/\/mnkuljetus.fi\/index.php?rest_route=\/wp\/v2\/pages\/146\/revisions"}],"predecessor-version":[{"id":517,"href":"https:\/\/mnkuljetus.fi\/index.php?rest_route=\/wp\/v2\/pages\/146\/revisions\/517"}],"wp:attachment":[{"href":"https:\/\/mnkuljetus.fi\/index.php?rest_route=%2Fwp%2Fv2%2Fmedia&parent=146"}],"curies":[{"name":"wp","href":"https:\/\/api.w.org\/{rel}","templated":true}]}}